{"id":1453,"date":"2017-06-30T13:13:16","date_gmt":"2017-06-30T11:13:16","guid":{"rendered":"http:\/\/lopezmuelasabogados.com\/?page_id=1453"},"modified":"2018-06-02T14:34:39","modified_gmt":"2018-06-02T12:34:39","slug":"aviso-legal","status":"publish","type":"page","link":"https:\/\/www.lopezmuelasabogados.com\/en\/aviso-legal\/","title":{"rendered":"Aviso Legal y Pol\u00edtica de Privacidad"},"content":{"rendered":"<p>AVISO LEGAL<\/p>\n<p>A trav\u00e9s del presente aviso, el prestador de servicios de la sociedad de la informaci\u00f3n, proporciona los datos que est\u00e1 obligado a poner a disposici\u00f3n de los consumidores y usuarios, por imperativo del Art. 10 de la Ley 34\/2002, de 11 de julio, de servicios de la sociedad de la informaci\u00f3n y de comercio electr\u00f3nico, y todo ello en los siguientes t\u00e9rminos:<\/p>\n<p>1. Esta web es propiedad de MAR\u00cdA DOLORES L\u00d3PEZ-MUELAS VICENTE, con DNI n\u00ba 29057528H, domiciliada en Plaza Raimundo Gonz\u00e1lez Frutos, n\u00ba 5, 2\u00ba-D, 30001-Murcia, y con e-mail <a href=\"mailto:info@lopezmuelasabogados.com\">info@lopezmuelasabogados.com<\/a>.<\/p>\n<p>MAR\u00cdA DOLORES L\u00d3PEZ-MUELAS VICENTE es Licenciada en Derecho y letrada del Ilustre Colegio de Abogados de Murcia, colegiada con el n\u00famero 2746.<\/p>\n<p>Las normas profesionales que le son aplicables son las siguientes:<\/p>\n<p>&#8211;\u00a0\u00a0\u00a0\u00a0\u00a0\u00a0\u00a0\u00a0\u00a0 Real Decreto 658\/2001, de 22 de junio, por el que se aprueba el Estatuto General de la Abogac\u00eda Espa\u00f1ola.<\/p>\n<p>&#8211;\u00a0\u00a0\u00a0\u00a0\u00a0\u00a0\u00a0\u00a0\u00a0 Ley 10\/2003, de 6 de noviembre, reguladora de los Colegios Profesionales de Andaluc\u00eda y su Reglamento.<\/p>\n<p>&#8211;\u00a0\u00a0\u00a0\u00a0\u00a0\u00a0\u00a0 \u00a0 Estatutos del Ilustre Colegio de Abogados de Murcia aprobados en Junta General Extraordinaria de fecha 19 de mayo de 2005.<\/p>\n<p>&#8211; \u00a0\u00a0\u00a0\u00a0\u00a0\u00a0\u00a0\u00a0 C\u00f3digo Deontol\u00f3gico del Ilustre Colegio de Abogados de Murcia.<\/p>\n<p>Estas normas pueden consultarse en el BOE, BOJA y en la web del referido colegio (<a href=\"http:\/\/www.icamur.org\/\">www.icamur.org<\/a>)<\/p>\n<p>2. Todas las marcas, logotipos, nombres comerciales, signos distintivos, servicios, contenidos, v\u00eddeos, textos, fotograf\u00edas, gr\u00e1ficos, im\u00e1genes, software, links e informaciones de cualquier clase que aparecen en esta web son igualmente de propiedad de MAR\u00cdA DOLORES L\u00d3PEZ-MUELAS VICENTE, por lo que no podr\u00e1n ser reproducidos, distribuidos, comunicados p\u00fablicamente, transformados o modificados sin su autorizaci\u00f3n expresa y por escrito.<\/p>\n<p>MAR\u00cdA DOLORES L\u00d3PEZ-MUELAS VICENTE se reserva expresamente los derechos de reproducci\u00f3n, modificaci\u00f3n, adaptaci\u00f3n, comunicaci\u00f3n p\u00fablica, mantenimiento, correcci\u00f3n de errores, cesi\u00f3n, venta, alquiler, pr\u00e9stamo y cualquier otro derecho de propiedad intelectual o industrial sobre los contenidos de la web , prohibi\u00e9ndose el ejercicio de los anteriores derechos sin su autorizaci\u00f3n expresa.<\/p>\n<p>El establecimiento de un enlace o link a otra p\u00e1gina o sitio en Internet, no implica en ning\u00fan caso la aceptaci\u00f3n y aprobaci\u00f3n por parte de MAR\u00cdA DOLORES L\u00d3PEZ-MUELAS VICENTE de sus contenidos o servicios, y por tanto \u00a0no asume ninguna responsabilidad por ellos.<\/p>\n<p>Quien se proponga establecer un enlace o link a esta web deber\u00e1 solicitar previamente el consentimiento de su titular, reserv\u00e1ndose la misma el derecho a reclamar los posibles da\u00f1os que se pudieran provocar por el establecimiento de este enlace o link sin la necesaria autorizaci\u00f3n.<\/p>\n<p>3. Pol\u00edtica de Privacidad: MAR\u00cdA DOLORES L\u00d3PEZ-MUELAS VICENTE ha procedido a adecuarse a la normativa de protecci\u00f3n de datos de car\u00e1cter vigente, adaptando todas las medidas t\u00e9cnicas y organizativas necesarias para garantizar la seguridad de los datos de car\u00e1cter personal de sus clientes y usuarios, y para evitar su alteraci\u00f3n, p\u00e9rdida, tratamiento o acceso no autorizado. El nivel de seguridad adoptado est\u00e1 en consonancia con la naturaleza de los datos personales suministrados.<\/p>\n<p>Los datos de car\u00e1cter personal que pudieran recogerse a trav\u00e9s de esta web, ser\u00e1n tratados de forma leal y l\u00edcita conforme a los principios y derechos recogidos en la legislaci\u00f3n sobre Protecci\u00f3n de Datos de Car\u00e1cter Personal.<\/p>\n<p>&nbsp;<\/p>\n<p><strong>INFORMACI\u00d3N B\u00c1SICA SOBRE PROTECCI\u00d3N DE DATOS<\/strong><\/p>\n<table>\n<tbody>\n<tr>\n<td width=\"121\"><strong>Responsable<\/strong><\/td>\n<td width=\"456\">MAR\u00cdA DOLORES L\u00d3PEZ-MUELAS VICENTE<\/td>\n<\/tr>\n<tr>\n<td width=\"121\"><strong>Finalidad<\/strong><\/td>\n<td width=\"456\">Gesti\u00f3n de sus datos para prestarle servicios profesionales jur\u00eddicos y enviarle comunicaciones.<\/td>\n<\/tr>\n<tr>\n<td width=\"121\"><strong>Legitimaci\u00f3n<\/strong><\/td>\n<td width=\"456\">Contrato de prestaci\u00f3n de servicios y consentimiento del interesado. Ley 1\/1996, de 10 de enero, de Asistencia Jur\u00eddica Gratuita, para los casos de turno de oficio.<\/td>\n<\/tr>\n<tr>\n<td width=\"121\"><strong>Destinatarios<\/strong><\/td>\n<td width=\"456\">Supuestos exigidos por Ley (Juzgados, organismos p\u00fablicos, procuradores&#8230;) y encargados de tratamiento.<\/td>\n<\/tr>\n<tr>\n<td width=\"121\"><strong>Derechos<\/strong><\/td>\n<td width=\"456\">Acceder, rectificar y suprimir los datos, as\u00ed como otros derechos, como se explica en la informaci\u00f3n adicional.<\/td>\n<\/tr>\n<tr>\n<td width=\"121\"><strong>Informaci\u00f3n adicional<\/strong><\/td>\n<td width=\"456\">Ver en texto adjunto<\/td>\n<\/tr>\n<\/tbody>\n<\/table>\n<p><strong>\u00a0<\/strong><strong>\u00a0<\/strong><\/p>\n<p><strong>INFORMACI\u00d3N ADICIONAL SOBRE PROTECCI\u00d3N DE DATOS:<\/strong><\/p>\n<p><strong>\u00a0<\/strong><\/p>\n<p><strong>1\u00ba. \u00bfQui\u00e9n es el responsable de tratamiento de sus datos?<\/strong><\/p>\n<p><strong>\u00a0<\/strong>Identidad: MAR\u00cdA DOLORES L\u00d3PEZ-MUELAS VICENTE<\/p>\n<p>CIF: 29057528H<\/p>\n<p>Direcci\u00f3n postal: Plaza Raimundo Gonz\u00e1lez Frutos, n\u00ba 5, 2\u00ba-D, 30001 Murcia<\/p>\n<p>Tel\u00e9fono: 968 213 720<\/p>\n<p>Correo electr\u00f3nico: info@lopezmuelasabogados.com<\/p>\n<p><strong>2\u00ba. \u00bfCon qu\u00e9 finalidad se tratan sus datos personales?<\/strong><\/p>\n<p>Sus datos ser\u00e1n tratados con el fin de prestarle el servicio encomendado, responder a sus peticiones y comunicarse con usted.<\/p>\n<p>Los datos que se tratan tienen car\u00e1cter obligatorio y debe proporcionarlos en todo caso, pues de lo contrario, no se podr\u00eda prestar el servicio o atenderle.<\/p>\n<p>&nbsp;<\/p>\n<p><strong>3\u00ba. \u00bfPor cu\u00e1nto tiempo se van a conservar sus datos?<\/strong><strong>\u00a0<\/strong><\/p>\n<p>Los datos personales proporcionados se conservar\u00e1n mientras se mantenga el servicio o comunicaci\u00f3n, o mientras no se solicite su supresi\u00f3n por el interesado. No obstante, sus datos permanecer\u00e1n bloqueados durante los plazos de prescripci\u00f3n pertinentes.<\/p>\n<p>&nbsp;<\/p>\n<p><strong>4\u00ba. <\/strong><strong>\u00bfCu\u00e1l es la legitimaci\u00f3n para el tratamiento de sus datos?<\/strong><\/p>\n<p><strong>\u00a0<\/strong>La base legal para el tratamiento de sus datos es su consentimiento, que adem\u00e1s es revocable en cualquier momento.<\/p>\n<p><strong>5\u00ba. \u00bfA qu\u00e9 destinatarios se comunicar\u00e1n sus datos?<\/strong><\/p>\n<p>Los datos no se comunicar\u00e1n a terceros, salvo en los supuestos exigidos por Ley y a nuestros encargados de tratamiento (si quiere obtener m\u00e1s informaci\u00f3n sobre \u00e9stos, nos la puede solicitar).<\/p>\n<p>&nbsp;<\/p>\n<p><strong>6\u00ba.\u00bfCu\u00e1les son sus derechos al facilitar sus datos?<\/strong><\/p>\n<p><strong>\u00a0<\/strong>Sus derechos son los regulados en el Reglamento General de Protecci\u00f3n de Datos Europeos, es decir:<\/p>\n<ul>\n<li>Derecho a acceder o rectificar sus datos, a su supresi\u00f3n, a la oposici\u00f3n y limitaci\u00f3n de su tratamiento, y a su portabilidad.<\/li>\n<li>Derecho a revocar su consentimiento cuando se haya dada para alg\u00fan fin concreto.<\/li>\n<li>Estos derechos los puede ejercer mediante carta postal certificada, e-mail o personaci\u00f3n directa y por escrito en nuestra sede, solicit\u00e1ndonos previamente si lo desea un formulario al efecto.<\/li>\n<li>Tambi\u00e9n tiene derecho a reclamar ante la Autoridad de control cuando no haya obtenido satisfacci\u00f3n en el ejercicio de sus derechos, presentando solicitud escrita por medio del Registro (f\u00edsico o electr\u00f3nico) de la misma.<\/li>\n<li>Si quiere ampliar informaci\u00f3n sobre en qu\u00e9 consiste cada uno de sus derechos, nos lo puede solicitar por cualquier v\u00eda.<\/li>\n<li>Los datos que se tratan pueden consistir en nombres, apellidos, n\u00famero de documento identificativo, tel\u00e9fonos, e-mails, direcciones postales, datos econ\u00f3micos, informaci\u00f3n comercial, as\u00ed como en datos especialmente protegidos que pueda aportarnos mediante su consulta o comunicaci\u00f3n.<\/li>\n<\/ul>\n<p><strong>7\u00ba. \u00bfCu\u00e1l es la procedencia de sus datos?<\/strong><\/p>\n<p>Sus datos han sido recibidos: Porque nos los ha facilitado directamente.<\/p>\n<p>Los datos que se tratan pueden consistir en nombres, apellidos, n\u00famero de documento identificativo, tel\u00e9fonos, e-mails, direcciones postales, datos econ\u00f3micos, informaci\u00f3n comercial, as\u00ed como en datos especialmente protegidos que pueda aportarnos mediante su consulta o comunicaci\u00f3n.<\/p>\n<p>&nbsp;<\/p>\n<p>&nbsp;<\/p>\n<p>&nbsp;<\/p>","protected":false},"excerpt":{"rendered":"<p>AVISO LEGAL A trav\u00e9s del presente aviso, el prestador de servicios de la sociedad de la informaci\u00f3n, proporciona los datos que est\u00e1 obligado a poner a disposici\u00f3n de los consumidores [&hellip;]<\/p>\n","protected":false},"author":1,"featured_media":0,"parent":0,"menu_order":11,"comment_status":"closed","ping_status":"closed","template":"","meta":[],"yoast_head":"<!-- This site is optimized with the Yoast SEO plugin v17.8 - https:\/\/yoast.com\/wordpress\/plugins\/seo\/ -->\n<title>Aviso Legal y Pol\u00edtica de Privacidad - L\u00f3pez Muelas - Family Lawyers<\/title>\n<meta name=\"robots\" content=\"noindex, nofollow\" \/>\n<meta property=\"og:locale\" content=\"en_US\" \/>\n<meta property=\"og:type\" content=\"article\" \/>\n<meta property=\"og:title\" content=\"Aviso Legal y Pol\u00edtica de Privacidad - L\u00f3pez Muelas - Family Lawyers\" \/>\n<meta property=\"og:description\" content=\"AVISO LEGAL A trav\u00e9s del presente aviso, el prestador de servicios de la sociedad de la informaci\u00f3n, proporciona los datos que est\u00e1 obligado a poner a disposici\u00f3n de los consumidores [&hellip;]\" \/>\n<meta property=\"og:url\" content=\"https:\/\/www.lopezmuelasabogados.com\/aviso-legal\/\" \/>\n<meta property=\"og:site_name\" content=\"L\u00f3pez Muelas - Family Lawyers\" \/>\n<meta property=\"article:publisher\" content=\"https:\/\/www.facebook.com\/lopezmuelasabogados\" \/>\n<meta property=\"article:modified_time\" content=\"2018-06-02T12:34:39+00:00\" \/>\n<meta name=\"twitter:card\" content=\"summary\" \/>\n<meta name=\"twitter:site\" content=\"@lopezmuelasv\" \/>\n<meta name=\"twitter:label1\" content=\"Est. reading time\" \/>\n\t<meta name=\"twitter:data1\" content=\"12 minutes\" \/>\n<script type=\"application\/ld+json\" class=\"yoast-schema-graph\">{\"@context\":\"https:\/\/schema.org\",\"@graph\":[{\"@type\":\"WebSite\",\"@id\":\"https:\/\/www.lopezmuelasabogados.com\/#website\",\"url\":\"https:\/\/www.lopezmuelasabogados.com\/\",\"name\":\"L\\u00f3pez Muelas - Family Lawyers\",\"description\":\"(Espa\\u00f1ol) Abogados de Familia. Expertos en Derecho de Familia Nacional e Internacional\",\"potentialAction\":[{\"@type\":\"SearchAction\",\"target\":{\"@type\":\"EntryPoint\",\"urlTemplate\":\"https:\/\/www.lopezmuelasabogados.com\/?s={search_term_string}\"},\"query-input\":\"required name=search_term_string\"}],\"inLanguage\":\"en-US\"},{\"@type\":\"WebPage\",\"@id\":\"https:\/\/www.lopezmuelasabogados.com\/aviso-legal\/#webpage\",\"url\":\"https:\/\/www.lopezmuelasabogados.com\/aviso-legal\/\",\"name\":\"Aviso Legal y Pol\\u00edtica de Privacidad - L\\u00f3pez Muelas - Family Lawyers\",\"isPartOf\":{\"@id\":\"https:\/\/www.lopezmuelasabogados.com\/#website\"},\"datePublished\":\"2017-06-30T11:13:16+00:00\",\"dateModified\":\"2018-06-02T12:34:39+00:00\",\"breadcrumb\":{\"@id\":\"https:\/\/www.lopezmuelasabogados.com\/aviso-legal\/#breadcrumb\"},\"inLanguage\":\"en-US\",\"potentialAction\":[{\"@type\":\"ReadAction\",\"target\":[\"https:\/\/www.lopezmuelasabogados.com\/aviso-legal\/\"]}]},{\"@type\":\"BreadcrumbList\",\"@id\":\"https:\/\/www.lopezmuelasabogados.com\/aviso-legal\/#breadcrumb\",\"itemListElement\":[{\"@type\":\"ListItem\",\"position\":1,\"name\":\"Portada\",\"item\":\"https:\/\/www.lopezmuelasabogados.com\/\"},{\"@type\":\"ListItem\",\"position\":2,\"name\":\"Aviso Legal y Pol\\u00edtica de Privacidad\"}]}]}<\/script>\n<!-- \/ Yoast SEO plugin. -->","yoast_head_json":{"title":"Aviso Legal y Pol\u00edtica de Privacidad - L\u00f3pez Muelas - Family Lawyers","robots":{"index":"noindex","follow":"nofollow"},"og_locale":"en_US","og_type":"article","og_title":"Aviso Legal y Pol\u00edtica de Privacidad - L\u00f3pez Muelas - Family Lawyers","og_description":"AVISO LEGAL A trav\u00e9s del presente aviso, el prestador de servicios de la sociedad de la informaci\u00f3n, proporciona los datos que est\u00e1 obligado a poner a disposici\u00f3n de los consumidores [&hellip;]","og_url":"https:\/\/www.lopezmuelasabogados.com\/aviso-legal\/","og_site_name":"L\u00f3pez Muelas - Family Lawyers","article_publisher":"https:\/\/www.facebook.com\/lopezmuelasabogados","article_modified_time":"2018-06-02T12:34:39+00:00","twitter_card":"summary","twitter_site":"@lopezmuelasv","twitter_misc":{"Est. reading time":"12 minutes"},"schema":{"@context":"https:\/\/schema.org","@graph":[{"@type":"WebSite","@id":"https:\/\/www.lopezmuelasabogados.com\/#website","url":"https:\/\/www.lopezmuelasabogados.com\/","name":"L\u00f3pez Muelas - Family Lawyers","description":"(Espa\u00f1ol) Abogados de Familia. Expertos en Derecho de Familia Nacional e Internacional","potentialAction":[{"@type":"SearchAction","target":{"@type":"EntryPoint","urlTemplate":"https:\/\/www.lopezmuelasabogados.com\/?s={search_term_string}"},"query-input":"required name=search_term_string"}],"inLanguage":"en-US"},{"@type":"WebPage","@id":"https:\/\/www.lopezmuelasabogados.com\/aviso-legal\/#webpage","url":"https:\/\/www.lopezmuelasabogados.com\/aviso-legal\/","name":"Aviso Legal y Pol\u00edtica de Privacidad - L\u00f3pez Muelas - Family Lawyers","isPartOf":{"@id":"https:\/\/www.lopezmuelasabogados.com\/#website"},"datePublished":"2017-06-30T11:13:16+00:00","dateModified":"2018-06-02T12:34:39+00:00","breadcrumb":{"@id":"https:\/\/www.lopezmuelasabogados.com\/aviso-legal\/#breadcrumb"},"inLanguage":"en-US","potentialAction":[{"@type":"ReadAction","target":["https:\/\/www.lopezmuelasabogados.com\/aviso-legal\/"]}]},{"@type":"BreadcrumbList","@id":"https:\/\/www.lopezmuelasabogados.com\/aviso-legal\/#breadcrumb","itemListElement":[{"@type":"ListItem","position":1,"name":"Portada","item":"https:\/\/www.lopezmuelasabogados.com\/"},{"@type":"ListItem","position":2,"name":"Aviso Legal y Pol\u00edtica de Privacidad"}]}]}},"_links":{"self":[{"href":"https:\/\/www.lopezmuelasabogados.com\/en\/wp-json\/wp\/v2\/pages\/1453"}],"collection":[{"href":"https:\/\/www.lopezmuelasabogados.com\/en\/wp-json\/wp\/v2\/pages"}],"about":[{"href":"https:\/\/www.lopezmuelasabogados.com\/en\/wp-json\/wp\/v2\/types\/page"}],"author":[{"embeddable":true,"href":"https:\/\/www.lopezmuelasabogados.com\/en\/wp-json\/wp\/v2\/users\/1"}],"replies":[{"embeddable":true,"href":"https:\/\/www.lopezmuelasabogados.com\/en\/wp-json\/wp\/v2\/comments?post=1453"}],"version-history":[{"count":5,"href":"https:\/\/www.lopezmuelasabogados.com\/en\/wp-json\/wp\/v2\/pages\/1453\/revisions"}],"predecessor-version":[{"id":3059,"href":"https:\/\/www.lopezmuelasabogados.com\/en\/wp-json\/wp\/v2\/pages\/1453\/revisions\/3059"}],"wp:attachment":[{"href":"https:\/\/www.lopezmuelasabogados.com\/en\/wp-json\/wp\/v2\/media?parent=1453"}],"curies":[{"name":"wp","href":"https:\/\/api.w.org\/{rel}","templated":true}]}}